{"id":346,"date":"2014-06-05T11:14:28","date_gmt":"2014-06-05T11:14:28","guid":{"rendered":"http:\/\/www.estudiodemodaindependiente.com\/?page_id=346"},"modified":"2017-10-20T20:05:49","modified_gmt":"2017-10-20T20:05:49","slug":"los-disenadores","status":"publish","type":"page","link":"http:\/\/evahurtado.com\/?page_id=346","title":{"rendered":"EVA HURTADO"},"content":{"rendered":"<p>Eva Hurtado, tras su experiencia en \u201cFrida Kaos\u201d, firma experimental creada por 4 dise\u00f1adoras noveles, crea su propia linea de cortes retro.<\/p>\n<p>Tras su aprendizaje en patronaje cl\u00e1sico y dise\u00f1o geom\u00e9trico auna los 2 sistemas para construir prendas que se adaptan f\u00e1cilmente a diferentes vol\u00famenes a la vez que encajan en el cuerpo de la forma m\u00e1s tradicional.<\/p>\n<p>Eva propone una silueta femenina, haciendo contraste entre formas muy ajustadas y zonas voluminosas, creando prendas muy vers\u00e1tiles.<\/p>\n<p><a href=\"http:\/\/evahurtado.com\/wp-content\/uploads\/2014\/06\/16587016_10154094164512121_6058523866623962848_o.jpg\" class=\"link-to-image\"><img loading=\"lazy\" decoding=\"async\" class=\"alignnone size-large wp-image-1158\" src=\"http:\/\/evahurtado.com\/wp-content\/uploads\/2014\/06\/16587016_10154094164512121_6058523866623962848_o-683x1024.jpg\" alt=\"\" width=\"683\" height=\"1024\" srcset=\"http:\/\/evahurtado.com\/wp-content\/uploads\/2014\/06\/16587016_10154094164512121_6058523866623962848_o-683x1024.jpg 683w, http:\/\/evahurtado.com\/wp-content\/uploads\/2014\/06\/16587016_10154094164512121_6058523866623962848_o-200x300.jpg 200w, http:\/\/evahurtado.com\/wp-content\/uploads\/2014\/06\/16587016_10154094164512121_6058523866623962848_o-768x1152.jpg 768w, http:\/\/evahurtado.com\/wp-content\/uploads\/2014\/06\/16587016_10154094164512121_6058523866623962848_o-219x328.jpg 219w, http:\/\/evahurtado.com\/wp-content\/uploads\/2014\/06\/16587016_10154094164512121_6058523866623962848_o-437x656.jpg 437w, http:\/\/evahurtado.com\/wp-content\/uploads\/2014\/06\/16587016_10154094164512121_6058523866623962848_o-853x1280.jpg 853w, http:\/\/evahurtado.com\/wp-content\/uploads\/2014\/06\/16587016_10154094164512121_6058523866623962848_o.jpg 1365w\" sizes=\"auto, (max-width: 683px) 100vw, 683px\" \/><\/a><\/p>\n","protected":false},"excerpt":{"rendered":"<p>Eva Hurtado, tras su experiencia en \u201cFrida Kaos\u201d, firma experimental creada por 4 dise\u00f1adoras noveles, crea su propia linea de cortes retro. Tras su aprendizaje en patronaje cl\u00e1sico y dise\u00f1o geom\u00e9trico auna los 2 sistemas para construir prendas que se adaptan f\u00e1cilmente a diferentes vol\u00famenes a la vez que encajan &hellip;<\/p>\n<div class=\"wrap-excerpt-more\"><a class=\"excerpt-more\" href=\"http:\/\/evahurtado.com\/?page_id=346\">Continue reading<\/a><\/div>\n","protected":false},"author":1,"featured_media":0,"parent":0,"menu_order":3,"comment_status":"closed","ping_status":"closed","template":"template-full-width.php","meta":{"footnotes":""},"class_list":["post-346","page","type-page","status-publish","hentry","post-without-featured-image"],"_links":{"self":[{"href":"http:\/\/evahurtado.com\/index.php?rest_route=\/wp\/v2\/pages\/346","targetHints":{"allow":["GET"]}}],"collection":[{"href":"http:\/\/evahurtado.com\/index.php?rest_route=\/wp\/v2\/pages"}],"about":[{"href":"http:\/\/evahurtado.com\/index.php?rest_route=\/wp\/v2\/types\/page"}],"author":[{"embeddable":true,"href":"http:\/\/evahurtado.com\/index.php?rest_route=\/wp\/v2\/users\/1"}],"replies":[{"embeddable":true,"href":"http:\/\/evahurtado.com\/index.php?rest_route=%2Fwp%2Fv2%2Fcomments&post=346"}],"version-history":[{"count":6,"href":"http:\/\/evahurtado.com\/index.php?rest_route=\/wp\/v2\/pages\/346\/revisions"}],"predecessor-version":[{"id":1159,"href":"http:\/\/evahurtado.com\/index.php?rest_route=\/wp\/v2\/pages\/346\/revisions\/1159"}],"wp:attachment":[{"href":"http:\/\/evahurtado.com\/index.php?rest_route=%2Fwp%2Fv2%2Fmedia&parent=346"}],"curies":[{"name":"wp","href":"https:\/\/api.w.org\/{rel}","templated":true}]}}